{"id":920,"date":"2025-07-21T14:33:30","date_gmt":"2025-07-21T14:33:30","guid":{"rendered":"https:\/\/awlog.de\/?page_id=920"},"modified":"2025-11-12T12:23:08","modified_gmt":"2025-11-12T12:23:08","slug":"kandidaturen","status":"publish","type":"page","link":"https:\/\/awlog.de\/?page_id=920","title":{"rendered":"CONNECT"},"content":{"rendered":"\n<p class=\"has-larger-font-size\">ATTRAKTIVE FACH- UND F\u00dcHRUNGSKR\u00c4FTE<\/p>\n\n\n\n<p><\/p>\n\n\n\n<p class=\"has-text-align-left has-sitetext-color has-text-color has-link-color has-large-font-size wp-elements-5623056d1689195d9ed0946db7ec64a1\">Als Recruiting Spezialisten pr\u00e4sentieren wir Ihnen hier eine anonymisierte Auswahl an \u00fcberaus interessanten Kandidaturen, die sich uns aktuell mit entsprechenden Wechselambitionen anvertraut haben. Durch unser hervorragendes Netzwerk sowie die umfangreiche Pr\u00e4senz auf Social-Media erhalten Sie hier einen schnellen Zugriff auf qualifizierte Profile.<\/p>\n\n\n\n<p class=\"has-text-align-left has-sitetext-color has-text-color has-link-color has-large-font-size wp-elements-c15f528c57dd874fb0cbd991de73d905\">In der nachstehenden \u00dcbersicht finden Sie zu den jeweiligen Kandidaturen die aktuelle Positionsbezeichnung, das Berufssegment sowie die Zielregion.<\/p>\n\n\n\n<p class=\"has-text-align-left has-sitetext-color has-text-color has-link-color has-large-font-size wp-elements-5296209f31865b50601312aec2088481\">Die \u00dcbersendung von Kurzprofilen ist f\u00fcr Sie im ersten Schritt kostenfrei bzw. unverbindlich und erfolgt in Abstimmung mit den jeweiligen Kandidaten: Innen. Bei Interesse kontaktieren Sie uns unter Bezugnahme des jeweiligen CODE unkompliziert per E-Mail an info@awlog.de oder telefonisch unter 040 9876 2222.<\/p>\n\n\n\n<p><\/p>\n\n\n\n<p class=\"has-large-font-size\">Die Ver\u00f6ffentlichung der anonymen Kandidaturen ist abgestimmt und somit &#8230;<\/p>\n\n\n<div class=\"wp-block-image\">\n<figure class=\"aligncenter size-full is-resized\"><img loading=\"lazy\" decoding=\"async\" width=\"750\" height=\"284\" src=\"https:\/\/awlog.de\/wp-content\/uploads\/2025\/11\/DSGVO.png\" alt=\"\" class=\"wp-image-1031\" style=\"width:154px;height:auto\" srcset=\"https:\/\/awlog.de\/wp-content\/uploads\/2025\/11\/DSGVO.png 750w, https:\/\/awlog.de\/wp-content\/uploads\/2025\/11\/DSGVO-300x114.png 300w, https:\/\/awlog.de\/wp-content\/uploads\/2025\/11\/DSGVO-496x188.png 496w\" sizes=\"(max-width: 750px) 100vw, 750px\" \/><\/figure><\/div>\n\n\n<p><\/p>\n\n\n<div class=\"wp-block-image\">\n<figure data-wp-context=\"{&quot;uploadedSrc&quot;:&quot;https:\\\/\\\/awlog.de\\\/wp-content\\\/uploads\\\/2025\\\/11\\\/AWL_KAN_2025.png&quot;,&quot;figureClassNames&quot;:&quot;aligncenter size-large is-resized&quot;,&quot;figureStyles&quot;:null,&quot;imgClassNames&quot;:&quot;wp-image-1026&quot;,&quot;imgStyles&quot;:&quot;width:464px;height:auto&quot;,&quot;targetWidth&quot;:700,&quot;targetHeight&quot;:1300,&quot;scaleAttr&quot;:false,&quot;ariaLabel&quot;:&quot;Bild vergr\\u00f6\\u00dfern&quot;,&quot;alt&quot;:&quot;&quot;}\" data-wp-interactive=\"core\/image\" class=\"aligncenter size-large is-resized wp-lightbox-container\"><img loading=\"lazy\" decoding=\"async\" width=\"551\" height=\"1024\" data-wp-init=\"callbacks.setButtonStyles\" data-wp-on-async--click=\"actions.showLightbox\" data-wp-on-async--load=\"callbacks.setButtonStyles\" data-wp-on-async-window--resize=\"callbacks.setButtonStyles\" src=\"https:\/\/awlog.de\/wp-content\/uploads\/2025\/11\/AWL_KAN_2025-551x1024.png\" alt=\"\" class=\"wp-image-1026\" style=\"width:464px;height:auto\" srcset=\"https:\/\/awlog.de\/wp-content\/uploads\/2025\/11\/AWL_KAN_2025-551x1024.png 551w, https:\/\/awlog.de\/wp-content\/uploads\/2025\/11\/AWL_KAN_2025-162x300.png 162w, https:\/\/awlog.de\/wp-content\/uploads\/2025\/11\/AWL_KAN_2025.png 700w\" sizes=\"(max-width: 551px) 100vw, 551px\" \/><button\n\t\t\tclass=\"lightbox-trigger\"\n\t\t\ttype=\"button\"\n\t\t\taria-haspopup=\"dialog\"\n\t\t\taria-label=\"Bild vergr\u00f6\u00dfern\"\n\t\t\tdata-wp-init=\"callbacks.initTriggerButton\"\n\t\t\tdata-wp-on-async--click=\"actions.showLightbox\"\n\t\t\tdata-wp-style--right=\"context.imageButtonRight\"\n\t\t\tdata-wp-style--top=\"context.imageButtonTop\"\n\t\t>\n\t\t\t<svg xmlns=\"http:\/\/www.w3.org\/2000\/svg\" width=\"12\" height=\"12\" fill=\"none\" viewBox=\"0 0 12 12\">\n\t\t\t\t<path fill=\"#fff\" d=\"M2 0a2 2 0 0 0-2 2v2h1.5V2a.5.5 0 0 1 .5-.5h2V0H2Zm2 10.5H2a.5.5 0 0 1-.5-.5V8H0v2a2 2 0 0 0 2 2h2v-1.5ZM8 12v-1.5h2a.5.5 0 0 0 .5-.5V8H12v2a2 2 0 0 1-2 2H8Zm2-12a2 2 0 0 1 2 2v2h-1.5V2a.5.5 0 0 0-.5-.5H8V0h2Z\" \/>\n\t\t\t<\/svg>\n\t\t<\/button><\/figure><\/div>","protected":false},"excerpt":{"rendered":"<p>ATTRAKTIVE FACH- UND F\u00dcHRUNGSKR\u00c4FTE Als Recruiting Spezialisten pr\u00e4sentieren wir Ihnen hier eine anonymisierte Auswahl an \u00fcberaus interessanten Kandidaturen, die sich uns aktuell mit entsprechenden Wechselambitionen &hellip;<\/p>\n","protected":false},"author":1,"featured_media":17,"parent":0,"menu_order":5,"comment_status":"closed","ping_status":"closed","template":"","meta":{"footnotes":""},"class_list":["post-920","page","type-page","status-publish","has-post-thumbnail","hentry"],"_links":{"self":[{"href":"https:\/\/awlog.de\/index.php?rest_route=\/wp\/v2\/pages\/920"}],"collection":[{"href":"https:\/\/awlog.de\/index.php?rest_route=\/wp\/v2\/pages"}],"about":[{"href":"https:\/\/awlog.de\/index.php?rest_route=\/wp\/v2\/types\/page"}],"author":[{"embeddable":true,"href":"https:\/\/awlog.de\/index.php?rest_route=\/wp\/v2\/users\/1"}],"replies":[{"embeddable":true,"href":"https:\/\/awlog.de\/index.php?rest_route=%2Fwp%2Fv2%2Fcomments&post=920"}],"version-history":[{"count":21,"href":"https:\/\/awlog.de\/index.php?rest_route=\/wp\/v2\/pages\/920\/revisions"}],"predecessor-version":[{"id":1038,"href":"https:\/\/awlog.de\/index.php?rest_route=\/wp\/v2\/pages\/920\/revisions\/1038"}],"wp:featuredmedia":[{"embeddable":true,"href":"https:\/\/awlog.de\/index.php?rest_route=\/wp\/v2\/media\/17"}],"wp:attachment":[{"href":"https:\/\/awlog.de\/index.php?rest_route=%2Fwp%2Fv2%2Fmedia&parent=920"}],"curies":[{"name":"wp","href":"https:\/\/api.w.org\/{rel}","templated":true}]}}