{"id":2,"date":"2016-05-10T03:48:21","date_gmt":"2016-05-10T03:48:21","guid":{"rendered":"http:\/\/awlog.de\/wordpress\/?page_id=2"},"modified":"2025-07-21T14:32:43","modified_gmt":"2025-07-21T14:32:43","slug":"sample-page","status":"publish","type":"page","link":"https:\/\/awlog.de\/?page_id=2","title":{"rendered":"DIENSTLEISTUNGEN"},"content":{"rendered":"\n<p class=\"has-large-font-size\">DIENSTLEISTUNGEN \u2026<\/p>\n\n\n\n<p class=\"has-sitetext-color has-text-color has-link-color has-large-font-size wp-elements-2870c9d697ac6142485df0f717ce19c1\">Vertrauen, Seriosit\u00e4t und Zuverl\u00e4ssigkeit &#8211; das sind die Werte, die unsere Zusammenarbeit mit Mandanten, Kandidaten und Gesch\u00e4ftspartnern auszeichnen. Sprechen Sie uns vertrauensvoll an zu Themen wie &#8230;<\/p>\n\n\n\n<p class=\"has-sitetext-color has-text-color has-link-color has-large-font-size wp-elements-0cd4e640aee5f0303bcd9d0b5ccdd98f\">Personal, Coaching, Logistik, Lademittel oder auch M&amp;A.                                                                                               <\/p>\n\n\n\n<figure class=\"wp-block-image size-large\"><img loading=\"lazy\" decoding=\"async\" width=\"1024\" height=\"731\" src=\"https:\/\/awlog.de\/wp-content\/uploads\/2024\/09\/AWL_DIENLEI-2-1024x731.png\" alt=\"\" class=\"wp-image-693\" srcset=\"https:\/\/awlog.de\/wp-content\/uploads\/2024\/09\/AWL_DIENLEI-2-1024x731.png 1024w, https:\/\/awlog.de\/wp-content\/uploads\/2024\/09\/AWL_DIENLEI-2-300x214.png 300w, https:\/\/awlog.de\/wp-content\/uploads\/2024\/09\/AWL_DIENLEI-2-768x548.png 768w, https:\/\/awlog.de\/wp-content\/uploads\/2024\/09\/AWL_DIENLEI-2-1536x1097.png 1536w, https:\/\/awlog.de\/wp-content\/uploads\/2024\/09\/AWL_DIENLEI-2-420x300.png 420w, https:\/\/awlog.de\/wp-content\/uploads\/2024\/09\/AWL_DIENLEI-2.png 1588w\" sizes=\"(max-width: 1024px) 100vw, 1024px\" \/><\/figure>\n\n\n\n<p class=\"has-large-font-size\" style=\"font-style:normal;font-weight:400\">Kreativit\u00e4t und Handeln sind die elementaren Voraussetzungen<br>unserer optimalen Unterst\u00fctzung in den vorgenannten Bereichen.<\/p>\n\n\n\n<p><\/p>\n\n\n\n<p class=\"has-accent-1-color has-text-color has-link-color has-large-font-size wp-elements-7959cc556cfb5ba980ccea6d05307bc3\">INFORMATIONEN ZUM PROJEKTMANAGEMENT &#8230;<\/p>\n\n\n\n<figure class=\"wp-block-image size-large is-resized\"><a href=\"https:\/\/www.awlog.de\/Projekt\/AWL_PM_2025.pdf\"><img loading=\"lazy\" decoding=\"async\" width=\"1024\" height=\"273\" src=\"https:\/\/awlog.de\/wp-content\/uploads\/2025\/02\/InfoFlyer-1024x273.png\" alt=\"\" class=\"wp-image-868\" style=\"width:188px;height:auto\" srcset=\"https:\/\/awlog.de\/wp-content\/uploads\/2025\/02\/InfoFlyer-1024x273.png 1024w, https:\/\/awlog.de\/wp-content\/uploads\/2025\/02\/InfoFlyer-300x80.png 300w, https:\/\/awlog.de\/wp-content\/uploads\/2025\/02\/InfoFlyer-768x205.png 768w, https:\/\/awlog.de\/wp-content\/uploads\/2025\/02\/InfoFlyer-1536x410.png 1536w, https:\/\/awlog.de\/wp-content\/uploads\/2025\/02\/InfoFlyer-2048x547.png 2048w, https:\/\/awlog.de\/wp-content\/uploads\/2025\/02\/InfoFlyer-496x132.png 496w\" sizes=\"(max-width: 1024px) 100vw, 1024px\" \/><\/a><\/figure>\n","protected":false},"excerpt":{"rendered":"<p>DIENSTLEISTUNGEN \u2026 Vertrauen, Seriosit\u00e4t und Zuverl\u00e4ssigkeit &#8211; das sind die Werte, die unsere Zusammenarbeit mit Mandanten, Kandidaten und Gesch\u00e4ftspartnern auszeichnen. Sprechen Sie uns vertrauensvoll an &hellip;<\/p>\n","protected":false},"author":1,"featured_media":17,"parent":0,"menu_order":1,"comment_status":"closed","ping_status":"closed","template":"","meta":{"footnotes":""},"class_list":["post-2","page","type-page","status-publish","has-post-thumbnail","hentry"],"_links":{"self":[{"href":"https:\/\/awlog.de\/index.php?rest_route=\/wp\/v2\/pages\/2"}],"collection":[{"href":"https:\/\/awlog.de\/index.php?rest_route=\/wp\/v2\/pages"}],"about":[{"href":"https:\/\/awlog.de\/index.php?rest_route=\/wp\/v2\/types\/page"}],"author":[{"embeddable":true,"href":"https:\/\/awlog.de\/index.php?rest_route=\/wp\/v2\/users\/1"}],"replies":[{"embeddable":true,"href":"https:\/\/awlog.de\/index.php?rest_route=%2Fwp%2Fv2%2Fcomments&post=2"}],"version-history":[{"count":38,"href":"https:\/\/awlog.de\/index.php?rest_route=\/wp\/v2\/pages\/2\/revisions"}],"predecessor-version":[{"id":884,"href":"https:\/\/awlog.de\/index.php?rest_route=\/wp\/v2\/pages\/2\/revisions\/884"}],"wp:featuredmedia":[{"embeddable":true,"href":"https:\/\/awlog.de\/index.php?rest_route=\/wp\/v2\/media\/17"}],"wp:attachment":[{"href":"https:\/\/awlog.de\/index.php?rest_route=%2Fwp%2Fv2%2Fmedia&parent=2"}],"curies":[{"name":"wp","href":"https:\/\/api.w.org\/{rel}","templated":true}]}}