{"id":130,"date":"2022-05-02T13:39:03","date_gmt":"2022-05-02T13:39:03","guid":{"rendered":"https:\/\/awlog.de\/wordpress\/?page_id=130"},"modified":"2025-02-28T12:13:50","modified_gmt":"2025-02-28T12:13:50","slug":"lademittelmanagement","status":"publish","type":"page","link":"https:\/\/awlog.de\/?page_id=130","title":{"rendered":"LADEMITTELMANAGEMENT"},"content":{"rendered":"\n<figure class=\"wp-block-image size-large is-resized\"><img loading=\"lazy\" decoding=\"async\" width=\"1024\" height=\"190\" src=\"https:\/\/awlog.de\/wordpress\/wp-content\/uploads\/2022\/05\/AWLOG-LAM-LogoText-2022-1024x190.png\" alt=\"\" class=\"wp-image-251\" style=\"width:512px;height:95px\" srcset=\"https:\/\/awlog.de\/wp-content\/uploads\/2022\/05\/AWLOG-LAM-LogoText-2022-1024x190.png 1024w, https:\/\/awlog.de\/wp-content\/uploads\/2022\/05\/AWLOG-LAM-LogoText-2022-300x56.png 300w, https:\/\/awlog.de\/wp-content\/uploads\/2022\/05\/AWLOG-LAM-LogoText-2022-768x143.png 768w, https:\/\/awlog.de\/wp-content\/uploads\/2022\/05\/AWLOG-LAM-LogoText-2022-496x92.png 496w, https:\/\/awlog.de\/wp-content\/uploads\/2022\/05\/AWLOG-LAM-LogoText-2022.png 1406w\" sizes=\"(max-width: 1024px) 100vw, 1024px\" \/><\/figure>\n\n\n\n<p class=\"has-sitetext-color has-text-color has-large-font-size\"><\/p>\n\n\n\n<p class=\"has-sitetext-color has-text-color has-large-font-size\">Hintergrund &amp; Problematik \u2026<\/p>\n\n\n\n<p style=\"font-size:22px\">Lademittel sind verh\u00e4ltnism\u00e4\u00dfig kosteng\u00fcnstig, sodass ihnen oftmals viel zu wenig Beachtung geschenkt wird. Dennoch bilden sie die Grundlage f\u00fcr die meisten Transport- und Logistikdienstleistungen! Da die Bereitstellung sowie das Handling personal- und kostenintensiv<br>sind, entwickeln wir in enger Zusammenarbeit mit unseren Mandanten individuel\/e und qualitativ hochwertige Managementsysteme, die diesen Umstand erheblich verbessern.<\/p>\n\n\n\n<p class=\"has-sitetext-color has-text-color has-large-font-size\">Anspruch &amp; Ausblick \u2026<\/p>\n\n\n\n<p style=\"font-size:22px\">Individuelle Anforderungen und Bed\u00fcrfnisse unserer Mandanten bestimmen unser Handeln &#8211; auch im Bereich Lademittelmanagement ! Der Erfolg wiederum sichert unsere gemeinsame Zukunft. Daher setzen wir unsere Kompetenz und Erfahrung gezielt ein, um die<br>entsprechenden Vorgaben nicht nur zu erf\u00fcllen sondern jederzeit zu \u00fcbertreffen !<\/p>\n\n\n\n<p class=\"has-accent-2-color has-text-color has-large-font-size\">Wenn Sie mehr erfahren m\u00f6chten \u00fcber Kompetenz und Referenzen, Potenzial und Zielsetzung sowie Umsetzung und Erfolg dann sprechen Sie uns jederzeit vertrauensvoll an und laden Sie gerne unseren &#8230; <\/p>\n\n\n<div class=\"wp-block-image\">\n<figure class=\"aligncenter size-large is-resized\"><a href=\"https:\/\/www.awlog.de\/lamaco\/AWL_LAMACO_22.pdf\"><img loading=\"lazy\" decoding=\"async\" width=\"1024\" height=\"273\" src=\"https:\/\/awlog.de\/wp-content\/uploads\/2025\/02\/InfoFlyer-1024x273.png\" alt=\"\" class=\"wp-image-868\" style=\"width:180px;height:auto\" srcset=\"https:\/\/awlog.de\/wp-content\/uploads\/2025\/02\/InfoFlyer-1024x273.png 1024w, https:\/\/awlog.de\/wp-content\/uploads\/2025\/02\/InfoFlyer-300x80.png 300w, https:\/\/awlog.de\/wp-content\/uploads\/2025\/02\/InfoFlyer-768x205.png 768w, https:\/\/awlog.de\/wp-content\/uploads\/2025\/02\/InfoFlyer-1536x410.png 1536w, https:\/\/awlog.de\/wp-content\/uploads\/2025\/02\/InfoFlyer-2048x547.png 2048w, https:\/\/awlog.de\/wp-content\/uploads\/2025\/02\/InfoFlyer-496x132.png 496w\" sizes=\"(max-width: 1024px) 100vw, 1024px\" \/><\/a><\/figure><\/div>","protected":false},"excerpt":{"rendered":"<p>Hintergrund &amp; Problematik \u2026 Lademittel sind verh\u00e4ltnism\u00e4\u00dfig kosteng\u00fcnstig, sodass ihnen oftmals viel zu wenig Beachtung geschenkt wird. Dennoch bilden sie die Grundlage f\u00fcr die meisten &hellip;<\/p>\n","protected":false},"author":1,"featured_media":17,"parent":0,"menu_order":4,"comment_status":"closed","ping_status":"closed","template":"","meta":{"footnotes":""},"class_list":["post-130","page","type-page","status-publish","has-post-thumbnail","hentry"],"_links":{"self":[{"href":"https:\/\/awlog.de\/index.php?rest_route=\/wp\/v2\/pages\/130"}],"collection":[{"href":"https:\/\/awlog.de\/index.php?rest_route=\/wp\/v2\/pages"}],"about":[{"href":"https:\/\/awlog.de\/index.php?rest_route=\/wp\/v2\/types\/page"}],"author":[{"embeddable":true,"href":"https:\/\/awlog.de\/index.php?rest_route=\/wp\/v2\/users\/1"}],"replies":[{"embeddable":true,"href":"https:\/\/awlog.de\/index.php?rest_route=%2Fwp%2Fv2%2Fcomments&post=130"}],"version-history":[{"count":14,"href":"https:\/\/awlog.de\/index.php?rest_route=\/wp\/v2\/pages\/130\/revisions"}],"predecessor-version":[{"id":886,"href":"https:\/\/awlog.de\/index.php?rest_route=\/wp\/v2\/pages\/130\/revisions\/886"}],"wp:featuredmedia":[{"embeddable":true,"href":"https:\/\/awlog.de\/index.php?rest_route=\/wp\/v2\/media\/17"}],"wp:attachment":[{"href":"https:\/\/awlog.de\/index.php?rest_route=%2Fwp%2Fv2%2Fmedia&parent=130"}],"curies":[{"name":"wp","href":"https:\/\/api.w.org\/{rel}","templated":true}]}}